{"id":1110,"date":"2018-04-25T11:06:26","date_gmt":"2018-04-25T10:06:26","guid":{"rendered":"http:\/\/www.armelledumoulin.com\/?page_id=1110"},"modified":"2022-06-12T10:44:06","modified_gmt":"2022-06-12T09:44:06","slug":"le-quatre-ep","status":"publish","type":"page","link":"http:\/\/www.armelledumoulin.com\/?page_id=1110","title":{"rendered":"Le Quatre &#8211; EP"},"content":{"rendered":"<p><em>Le Quatre &#8211; EP (Le Furieux \/ Musicast. 2017)<\/em><\/p>\n<p>Apr\u00e8s un 3\u00e8me album remarqu\u00e9, Armelle Dumoulin r\u00e9cidive pour notre grand plaisir avec un nouvel EP.<br \/>\nCe dernier opus a \u00e9t\u00e9 pens\u00e9 comme un geste, fid\u00e8le \u00e0 l\u2019\u00e9lan de cr\u00e9ation des nouvelles chansons.<br \/>\nAvec des arrangements \u00e9pur\u00e9s et nourris de leurs nombreux concerts,<br \/>\non retrouve Paul Jothy \u00e0 la batterie, la guitare plut\u00f4t sauvage d\u2019Armelle<br \/>\net les claviers toujours judicieux d\u2019Antoine Sahler.<br \/>\nUn \u00ab 4 titres \u00bb doux et percutant.<\/p>\n<p>\u00ab Prenez Henri Michaux. Secouez-le un peu : vous constaterez qu\u2019il bouge encore. Mettez-lui dans les mains une guitare \u2013 \u00e9lectrique. Vous obtenez Armelle Dumoulin \u00bb<\/p>\n","protected":false},"excerpt":{"rendered":"<p>Le Quatre &#8211; EP (Le Furieux \/ Musicast. 2017) Apr\u00e8s un 3\u00e8me album remarqu\u00e9, Armelle Dumoulin r\u00e9cidive pour notre grand plaisir avec un nouvel EP. Ce dernier opus a \u00e9t\u00e9 pens\u00e9 comme un geste, fid\u00e8le \u00e0 l\u2019\u00e9lan de cr\u00e9ation des nouvelles chansons. Avec des arrangements \u00e9pur\u00e9s et nourris de leurs nombreux concerts, on retrouve Paul [&hellip;]<\/p>\n","protected":false},"author":4,"featured_media":2127,"parent":9,"menu_order":2,"comment_status":"closed","ping_status":"closed","template":"full-width-yes-title-image.php","meta":{"footnotes":""},"class_list":["post-1110","page","type-page","status-publish","has-post-thumbnail","hentry"],"_links":{"self":[{"href":"http:\/\/www.armelledumoulin.com\/index.php?rest_route=\/wp\/v2\/pages\/1110","targetHints":{"allow":["GET"]}}],"collection":[{"href":"http:\/\/www.armelledumoulin.com\/index.php?rest_route=\/wp\/v2\/pages"}],"about":[{"href":"http:\/\/www.armelledumoulin.com\/index.php?rest_route=\/wp\/v2\/types\/page"}],"author":[{"embeddable":true,"href":"http:\/\/www.armelledumoulin.com\/index.php?rest_route=\/wp\/v2\/users\/4"}],"replies":[{"embeddable":true,"href":"http:\/\/www.armelledumoulin.com\/index.php?rest_route=%2Fwp%2Fv2%2Fcomments&post=1110"}],"version-history":[{"count":7,"href":"http:\/\/www.armelledumoulin.com\/index.php?rest_route=\/wp\/v2\/pages\/1110\/revisions"}],"predecessor-version":[{"id":2128,"href":"http:\/\/www.armelledumoulin.com\/index.php?rest_route=\/wp\/v2\/pages\/1110\/revisions\/2128"}],"up":[{"embeddable":true,"href":"http:\/\/www.armelledumoulin.com\/index.php?rest_route=\/wp\/v2\/pages\/9"}],"wp:featuredmedia":[{"embeddable":true,"href":"http:\/\/www.armelledumoulin.com\/index.php?rest_route=\/wp\/v2\/media\/2127"}],"wp:attachment":[{"href":"http:\/\/www.armelledumoulin.com\/index.php?rest_route=%2Fwp%2Fv2%2Fmedia&parent=1110"}],"curies":[{"name":"wp","href":"https:\/\/api.w.org\/{rel}","templated":true}]}}