{"id":2,"date":"2013-08-16T09:08:02","date_gmt":"2013-08-16T09:08:02","guid":{"rendered":"http:\/\/www.armelledumoulin.com\/?page_id=2"},"modified":"2026-04-08T14:57:50","modified_gmt":"2026-04-08T13:57:50","slug":"page-d-exemple","status":"publish","type":"page","link":"http:\/\/www.armelledumoulin.com\/?page_id=2","title":{"rendered":"Concerts"},"content":{"rendered":"\n<p>Aper\u00e7u <a href=\"http:\/\/www.armelledumoulin.com\/wp-content\/uploads\/2025\/12\/Liste-des-Concerts-de-2025.pdf\" data-type=\"link\" data-id=\"http:\/\/www.armelledumoulin.com\/wp-content\/uploads\/2025\/04\/Concerts-24-25-1.pdf\">Liste des Concerts 2025<\/a><\/p>\n\n\n\n<p class=\"has-text-align-center has-text-color has-link-color wp-elements-6249cf88270dd841b0a1a139f98b0749\" style=\"color:#dd1515\"><strong>Vendredi 27 mars \/ Surabaya Caf\u00e9. Villers le lac<\/strong> <strong>(25)<\/strong><\/p>\n\n\n\n<p class=\"has-text-align-center has-text-color has-link-color wp-elements-4b992cebbaca8dc9f5298207da9acee6\" style=\"color:#b11111\"><strong>Jeudi 9 avril \/ Plestin les gr\u00e8ves (22) <\/strong><\/p>\n\n\n\n<p class=\"has-text-align-center has-text-color has-link-color wp-elements-4f2a04bbceacfa93af26820e5b802d1a\" style=\"color:#c92020\"><strong>Vendredi 10 avril 2026 \/ Chez Alan<\/strong> <strong>(22)<\/strong><\/p>\n\n\n\n<p class=\"has-text-align-center has-text-color has-link-color wp-elements-f2f0520c0ef1accfdda753f510b6e340\" style=\"color:#d22727\"><strong>Samedi 11 avril \/ Chez Jeff. Lannion<\/strong><\/p>\n\n\n\n<p class=\"has-text-align-center has-text-color has-link-color wp-elements-dd28fb9043f334683252bd22c49288ec\" style=\"color:#6d0f6f\"><em><strong>13 et 14 avril. Les personnages de la pens\u00e9e. Novarina. Th\u00e9\u00e2tre de Budapest.<\/strong><\/em><\/p>\n\n\n\n<p class=\"has-text-align-center has-text-color has-link-color wp-elements-e1f9253ddfd619585e1a4da6afbffdd5\" style=\"color:#cb1e1e\"><strong>Vendredi 17 avril \/ Le vol du bourdon. Thiers<\/strong><\/p>\n\n\n\n<p class=\"has-text-align-center has-text-color has-link-color wp-elements-8c2bcbf506d77d396966e22ef8d275c3\" style=\"color:#d52c2c\"><strong>Samedi 18 avril \/ entrePotes. Roanne<\/strong><\/p>\n\n\n\n<p class=\"has-text-align-center has-text-color has-link-color wp-elements-42baedd76cb5ac86ab28f24645e9ae3a\" style=\"color:#bd2121\"><strong>Dimanche 19 avril \/ Damocha. Clermont-Fd<\/strong><\/p>\n\n\n\n<p class=\"has-text-align-center has-text-color has-link-color wp-elements-1c97eba835420b28f6f97c987bfd0522\" style=\"color:#c42a2a\"><strong>Jeudi 23 avril \/ La Maison de la Gaiet\u00e9. Ch\u00e9rac (17)<\/strong><\/p>\n\n\n\n<p class=\"has-text-align-center has-text-color has-link-color wp-elements-0509f046c93257fb4c6a136c1cc14244\" style=\"color:#bb1717\"><strong>Vendredi 24 avril \/ Lhoumeau<\/strong> (17)<\/p>\n\n\n\n<p class=\"has-text-align-center has-text-color has-link-color wp-elements-1540d106adace37aa3901374b05d99b9\" style=\"color:#bf3030\"><strong>Samedi 25 avril \/ Le Grand soir. Langoiran (33)<\/strong><\/p>\n\n\n\n<p class=\"has-text-align-center has-text-color has-link-color wp-elements-0ea039594474ccb15ed6d86865bf76e6\" style=\"color:#bf1b1b\"><strong>Dimanche 26 avril \/ Caf\u00e9 Pluche. 24600<\/strong><\/p>\n\n\n\n<p class=\"has-text-align-center has-text-color has-link-color wp-elements-3d919f15dab7de6705eeb6ba4f6da030\" style=\"color:#c62525\"><strong>Vendredi 1er mai \/ Caf\u00e9 de la Loire. Paimboeuf<\/strong> <strong>(44)<\/strong><\/p>\n\n\n\n<p class=\"has-text-align-center has-text-color has-link-color wp-elements-9c51a6730de69c89c53f43b99fead9e0\" style=\"color:#cc2d2d\"><strong>Samedi 2 mai \/ Les fous brassant. Ile d\u2019Yeu<\/strong><\/p>\n\n\n\n<p class=\"has-text-align-center has-text-color has-link-color wp-elements-97ccb4fa56977cf708cb88b8023bb5a7\" style=\"color:#cf2b2b\"><strong>Vendredi 8 mai \/ Le Royal. Nancy (54)<\/strong><\/p>\n\n\n\n<p class=\"has-text-align-center has-text-color has-link-color wp-elements-92f3a611b71e54533ae9f834ff0688ed\" style=\"color:#cb2121\"><strong>Samedi 9 mai \/ The long way. Longwy (54)<\/strong><\/p>\n\n\n\n<p class=\"has-text-align-center has-text-color has-link-color wp-elements-04a723dc73e3a0fd3183a745c36d60df\" style=\"color:#e73737\"><strong>Jeudi 21 mai \/ Le Roch\u2019 Melen de Fafa. La roche jaune (22) <\/strong><\/p>\n\n\n\n<p class=\"has-text-align-center has-text-color has-link-color wp-elements-454bc6a5bab0c2aaaf37f5c278c197ca\" style=\"color:#b91616\"><strong>Vendredi 22 mai \/ La Convergence des loutres. Loguivy Plougras<\/strong> <strong>(22)<\/strong><\/p>\n\n\n\n<p class=\"has-text-align-center has-text-color has-link-color wp-elements-389bba972e74eec8289029c343353f17\" style=\"color:#bb1d1d\"><strong>Samedi 23 mai \/ Kabellig ruz. Lanloup (22<\/strong>)<\/p>\n\n\n\n<p class=\"has-text-align-center has-text-color has-link-color wp-elements-648121064abefba997add9f726e57b09\" style=\"color:#bb1d1d\"><strong>Dimanche 24 mai \/ Baranoux. St Senoux (35)<\/strong><\/p>\n\n\n\n<p class=\"has-text-align-center has-text-color has-link-color wp-elements-a17ef0d5d7a34ad4291e3b7efab9723e\" style=\"color:#c41b1b\"><strong>Vendredi 29 mai \/ La Part des autres. St Just la pendue (69)<\/strong><\/p>\n\n\n\n<p class=\"has-text-align-center has-text-color has-link-color wp-elements-6e7c70a4b2a1222c4e81b4fa4a0ba813\" style=\"color:#bb1d1d\"><strong>Samedi 5 juin \/ Caf\u00e9 La Forge. La Tagni\u00e8re (71)<\/strong><\/p>\n\n\n\n<p class=\"has-text-align-center has-text-color has-link-color wp-elements-74aee126175e5f3b277f5718fcf60850\" style=\"color:#6d0f6f\"><strong>9 et 10 juin \/ Les personnages de la pens\u00e9e. Novarina. Montpellier<\/strong><\/p>\n\n\n\n<p class=\"has-text-align-center has-text-color has-link-color wp-elements-ac8a7fee1f6baeb789dc5a205884122f\" style=\"color:#ca1717\"><strong>Jeudi 11 juin \/ La dame de canton. Paris 13 + BODIE&nbsp;!<\/strong><\/p>\n\n\n\n<p class=\"has-text-align-center has-text-color has-link-color wp-elements-4eef7275cfca3774fa4b3fb65e9b9116\" style=\"color:#c51010\"><strong>Dimanche 14 juin \/ Plassac en Sc\u00e8ne (33)<\/strong><\/p>\n\n\n\n<p class=\"has-text-align-center has-text-color has-link-color wp-elements-4402b5f8c6b371b84e88b27424eaab4d\" style=\"color:#c82626\"><strong>Jeudi 18 juin \/ La Bicyclette caf\u00e9. Montreuil<\/strong><\/p>\n\n\n\n<p class=\"has-text-align-center has-text-color has-link-color wp-elements-8e2bf08c43c2c1f55581d28f0b0cfdcf\" style=\"color:#c42424\"><strong>Vendredi 19 juin \/ St Martin en haut (69)<\/strong><\/p>\n\n\n\n<p class=\"has-text-align-center has-text-color has-link-color wp-elements-463d282b811684d3fda874b768e839dd\" style=\"color:#cc2222\"><strong>Vendredi&nbsp;26 juin \/ La Goguette de l&rsquo;\u00eele. La Charit\u00e9 sur Loire (58)<\/strong><\/p>\n\n\n\n<p class=\"has-text-align-center has-text-color has-link-color wp-elements-a0c8c35e02f8f3b42d41696542a8ca3a\" style=\"color:#cf1717\"><strong>Vendredi 4 septembre \/ Chant morin. Berg\u00e8re s. Montmirail<\/strong> <strong>(51)<\/strong><\/p>\n\n\n\n<p class=\"has-text-align-center has-text-color has-link-color wp-elements-dbe86aad199405d075dd4255c8d03daf\" style=\"color:#c61919\"><strong>Vendredi 11 septembre \/ La lune rousse. St sauveur la Pommeray (50)<\/strong><\/p>\n\n\n\n<p class=\"has-text-align-center has-text-color has-link-color wp-elements-20bce751a7aadca0ad5422f46e963d9c\" style=\"color:#c61919\"><strong>Samedi 12 septembre \/ The ThinK. Longueville (50)<\/strong><\/p>\n\n\n\n<p class=\"has-text-align-center has-text-color has-link-color wp-elements-68cc14e691ae5dc855d237ea11f174cd\" style=\"color:#cf1717\"><strong>Jeudi 24 septembre \/ Le LIEU-DIT. La Turballe (44)<\/strong><\/p>\n\n\n\n<p class=\"has-text-align-center has-text-color has-link-color wp-elements-dc9fe6a5108e45a9332cf21725183c5f\" style=\"color:#cf1717\"><strong>Vendredi 25 septembre \/ L\u2019Ortie rousse. Rez\u00e9 (44)<\/strong><\/p>\n\n\n\n<p class=\"has-text-align-center has-text-color has-link-color wp-elements-a0e7e2556e75794376a59d17e7ca7891\" style=\"color:#cf2323\"><strong>Vendredi 9 octobre \/ Le Ressourc\u2019Eure. St Georges Motel (27)<\/strong><\/p>\n\n\n\n<p class=\"has-text-align-center has-text-color has-link-color wp-elements-c54de33d79fc54a475f63b73a976f29d\" style=\"color:#cf1717\"><strong>Samedi 24 octobre \/ Caf\u00e9 associatif. Pr\u00e9aux du Perche (61)<\/strong><\/p>\n\n\n\n<p><\/p>\n","protected":false},"excerpt":{"rendered":"<p>Aper\u00e7u Liste des Concerts 2025 Vendredi 27 mars \/ Surabaya Caf\u00e9. Villers le lac (25) Jeudi 9 avril \/ Plestin les gr\u00e8ves (22) Vendredi 10 avril 2026 \/ Chez Alan (22) Samedi 11 avril \/ Chez Jeff. Lannion 13 et 14 avril. Les personnages de la pens\u00e9e. Novarina. Th\u00e9\u00e2tre de Budapest. Vendredi 17 avril \/ [&hellip;]<\/p>\n","protected":false},"author":1,"featured_media":2310,"parent":0,"menu_order":0,"comment_status":"closed","ping_status":"open","template":"full-width-yes-title-image.php","meta":{"footnotes":""},"class_list":["post-2","page","type-page","status-publish","has-post-thumbnail","hentry"],"_links":{"self":[{"href":"http:\/\/www.armelledumoulin.com\/index.php?rest_route=\/wp\/v2\/pages\/2","targetHints":{"allow":["GET"]}}],"collection":[{"href":"http:\/\/www.armelledumoulin.com\/index.php?rest_route=\/wp\/v2\/pages"}],"about":[{"href":"http:\/\/www.armelledumoulin.com\/index.php?rest_route=\/wp\/v2\/types\/page"}],"author":[{"embeddable":true,"href":"http:\/\/www.armelledumoulin.com\/index.php?rest_route=\/wp\/v2\/users\/1"}],"replies":[{"embeddable":true,"href":"http:\/\/www.armelledumoulin.com\/index.php?rest_route=%2Fwp%2Fv2%2Fcomments&post=2"}],"version-history":[{"count":818,"href":"http:\/\/www.armelledumoulin.com\/index.php?rest_route=\/wp\/v2\/pages\/2\/revisions"}],"predecessor-version":[{"id":2730,"href":"http:\/\/www.armelledumoulin.com\/index.php?rest_route=\/wp\/v2\/pages\/2\/revisions\/2730"}],"wp:featuredmedia":[{"embeddable":true,"href":"http:\/\/www.armelledumoulin.com\/index.php?rest_route=\/wp\/v2\/media\/2310"}],"wp:attachment":[{"href":"http:\/\/www.armelledumoulin.com\/index.php?rest_route=%2Fwp%2Fv2%2Fmedia&parent=2"}],"curies":[{"name":"wp","href":"https:\/\/api.w.org\/{rel}","templated":true}]}}