{"id":229,"date":"2013-08-23T12:17:55","date_gmt":"2013-08-23T11:17:55","guid":{"rendered":"http:\/\/www.armelledumoulin.com\/?page_id=229"},"modified":"2025-05-29T15:34:17","modified_gmt":"2025-05-29T14:34:17","slug":"videos","status":"publish","type":"page","link":"http:\/\/www.armelledumoulin.com\/?page_id=229","title":{"rendered":"Vid\u00e9os"},"content":{"rendered":"\n<h2 class=\"wp-block-heading has-text-align-center has-text-color has-background has-link-color wp-elements-edbc5aa25eb753c0665048cc99c1f915\" style=\"color:#000000;background-color:#fff701\"><strong>Regardez le : <a href=\"https:\/\/youtu.be\/Zgc_2wVvUSY\">CLIP HIRSUUUUUUTES <\/a><\/strong><a href=\"https:\/\/youtu.be\/Zgc_2wVvUSY\">!<\/a> <\/h2>\n\n\n\n<h3 class=\"wp-block-heading has-text-align-center has-text-color has-background has-link-color wp-elements-a2a99582a628cdbac534a455fb2188a6\" style=\"color:#000000;background-color:#fff701\"><strong>(R\u00e9alisation Emmanuelle Jacobson-Roques)<\/strong><\/h3>\n\n\n\n<h3 class=\"wp-block-heading has-text-align-center has-white-background-color has-background\"><strong>Concert \u00e0 LA MANUFACTURE CHANSON le 6 D\u00e9cembre 2023 : <\/strong><\/h3>\n\n\n\n<h3 class=\"wp-block-heading has-text-align-center has-white-background-color has-background\"> <a rel=\"noreferrer noopener\" aria-label=\" (s\u2019ouvre dans un nouvel onglet)\" href=\"http:\/\/Le 6\/12\/23 avec W. Anselme\" target=\"_blank\">https:\/\/www.youtube.com\/watch?v=ijaIMwfe-Xw<\/a><\/h3>\n\n\n\n<h2 class=\"wp-block-heading has-text-align-center\">ET AUTRES CLIPS..! <\/h2>\n\n\n<p><iframe loading=\"lazy\" title=\"YouTube video player\" src=\"https:\/\/www.youtube.com\/embed\/gBkwAN30t_o\" width=\"560\" height=\"315\" frameborder=\"0\" allowfullscreen=\"allowfullscreen\"><\/iframe><\/p>\n<p><strong>BLAISE B\u00c9TAIL &#8211; 2021<\/strong><br \/>Extrait de l&rsquo;album Brise Vitrail (Le Furieux Music \/ Kuroneko)<br \/>Clip r\u00e9alis\u00e9 par Mehdi Kabar<\/p>\n<p><iframe loading=\"lazy\" title=\"YouTube video player\" src=\"https:\/\/www.youtube.com\/embed\/wWIu3IBbKus\" width=\"560\" height=\"315\" frameborder=\"0\" allowfullscreen=\"allowfullscreen\"><\/iframe><br \/><strong>COMME UN COUP DE POING &#8211; 2021<\/strong><br \/>Extrait de l&rsquo;album Brise Vitrail (Le Furieux \/ Musicast)<br \/>Clip r\u00e9alis\u00e9 par Jean-Claude Montheil<\/p>\n<p><iframe loading=\"lazy\" src=\"https:\/\/www.youtube.com\/embed\/k_wMux9Lw7U\" width=\"560\" height=\"315\" frameborder=\"0\" allowfullscreen=\"allowfullscreen\"><\/iframe><br \/><strong>HONNEUR &#8211; 2016<\/strong><br \/>Extrait de l&rsquo;album \u00ab\u00a0T&rsquo;avoir connu\u00a0\u00bb (Le Furieux \/ Musicast)<br \/>R\u00e9alisation Armel Hostiou \/ Production Bocalupo Films<\/p>\n<p><iframe loading=\"lazy\" src=\"https:\/\/www.youtube.com\/embed\/VlANqJ1mx_E\" width=\"560\" height=\"315\" frameborder=\"0\" allowfullscreen=\"allowfullscreen\"><\/iframe><br \/><strong>PETIT CH\u00c9RI &#8211; 2016<\/strong><br \/>Extrait de l&rsquo;album \u00ab\u00a0T&rsquo;avoir connu\u00a0\u00bb (Le Furieux \/ Musicast)<br \/>R\u00e9alisation Jean-Claude Montheil \/ David Khalifat<\/p>\n<p><iframe loading=\"lazy\" src=\"https:\/\/player.vimeo.com\/video\/236570163\" width=\"640\" height=\"360\" frameborder=\"0\" allowfullscreen=\"allowfullscreen\"><\/iframe><br \/><span style=\"text-decoration: underline;\"><strong>IL PLEUT SUR MES PARENTS &#8211; Septembre 2017<\/strong><\/span><br \/>Chanson tir\u00e9e de l&rsquo;EP \u00ab\u00a0Le Quatre\u00a0\u00bb (Le Furieux \/ Musicast)<br \/>R\u00e9alisation Nouvelles Vagues<\/p>\n\n\n<p><\/p>\n\n\n\n<p><\/p>\n","protected":false},"excerpt":{"rendered":"<p>Regardez le : CLIP HIRSUUUUUUTES ! (R\u00e9alisation Emmanuelle Jacobson-Roques) Concert \u00e0 LA MANUFACTURE CHANSON le 6 D\u00e9cembre 2023 : https:\/\/www.youtube.com\/watch?v=ijaIMwfe-Xw ET AUTRES CLIPS..! BLAISE B\u00c9TAIL &#8211; 2021Extrait de l&rsquo;album Brise Vitrail (Le Furieux Music \/ Kuroneko)Clip r\u00e9alis\u00e9 par Mehdi Kabar COMME UN COUP DE POING &#8211; 2021Extrait de l&rsquo;album Brise Vitrail (Le Furieux \/ Musicast)Clip [&hellip;]<\/p>\n","protected":false},"author":1,"featured_media":0,"parent":0,"menu_order":0,"comment_status":"closed","ping_status":"closed","template":"page-videos.php","meta":{"footnotes":""},"class_list":["post-229","page","type-page","status-publish","hentry"],"_links":{"self":[{"href":"http:\/\/www.armelledumoulin.com\/index.php?rest_route=\/wp\/v2\/pages\/229","targetHints":{"allow":["GET"]}}],"collection":[{"href":"http:\/\/www.armelledumoulin.com\/index.php?rest_route=\/wp\/v2\/pages"}],"about":[{"href":"http:\/\/www.armelledumoulin.com\/index.php?rest_route=\/wp\/v2\/types\/page"}],"author":[{"embeddable":true,"href":"http:\/\/www.armelledumoulin.com\/index.php?rest_route=\/wp\/v2\/users\/1"}],"replies":[{"embeddable":true,"href":"http:\/\/www.armelledumoulin.com\/index.php?rest_route=%2Fwp%2Fv2%2Fcomments&post=229"}],"version-history":[{"count":43,"href":"http:\/\/www.armelledumoulin.com\/index.php?rest_route=\/wp\/v2\/pages\/229\/revisions"}],"predecessor-version":[{"id":2564,"href":"http:\/\/www.armelledumoulin.com\/index.php?rest_route=\/wp\/v2\/pages\/229\/revisions\/2564"}],"wp:attachment":[{"href":"http:\/\/www.armelledumoulin.com\/index.php?rest_route=%2Fwp%2Fv2%2Fmedia&parent=229"}],"curies":[{"name":"wp","href":"https:\/\/api.w.org\/{rel}","templated":true}]}}