{"id":7,"date":"2013-08-16T12:46:39","date_gmt":"2013-08-16T11:46:39","guid":{"rendered":"http:\/\/www.armelledumoulin.com\/?page_id=7"},"modified":"2026-02-16T17:55:29","modified_gmt":"2026-02-16T16:55:29","slug":"biographie","status":"publish","type":"page","link":"http:\/\/www.armelledumoulin.com\/?page_id=7","title":{"rendered":"Biographie"},"content":{"rendered":"\n<p class=\"has-text-align-center\"><strong>Armelle Dumoulin<\/strong> chante ses chansons depuis une quinzaine d\u2019ann\u00e9es,<br>elle vient de sortir un 5\u00e8m album : <strong><em>\u2022 KERVRAN \u2022<\/em><\/strong> (Le Furieux Music. 2025)<\/p>\n\n\n\n<p class=\"has-text-align-center\">Aujourd\u2019hui elle tourne ses chansons hirsutes en solo \u00e0 la guitare \u00e9lectrique.<br>Ses jeunes ann\u00e9es ont \u00e9t\u00e9 marqu\u00e9es par des \u00e9tudes un peu dissip\u00e9es comprenant le grec et le hautbois, ainsi que par des promenades dans le vent du plateau de Gergovie.<br>Un de ses Jim Morrison fut Henri Michaux, puis Ren\u00e9 Char puis beaucoup d&rsquo;autres&#8230;<br>Elle a mis fin \u00e0 ses \u00e9tudes par une ma\u00eetrise de Lettres Modernes et de Th\u00e9\u00e2tre.<br>Parall\u00e8lement \u00e0 ses propres aventures th\u00e9\u00e2trales et musicales,<br>elle a tourn\u00e9 pendant 15 ans avec le quintette <strong>Paccoud et le Sister System.<\/strong><\/p>\n\n\n\n<p class=\"has-text-align-center has-text-color has-link-color wp-elements-8d4036e58e6481d89ff8dbafa53f0ed0\" style=\"color:#ff1109\"><strong>* Albums Armelle Dumoulin *<\/strong><\/p>\n\n\n\n<p class=\"has-text-align-center\">2025 \/ <strong><em>KERVRAN<\/em><\/strong> (Le Furieux \/ Kuroneko)<\/p>\n\n\n\n<p class=\"has-text-align-center\">2021 \/ <strong><em>Brise Vitrail<\/em><\/strong> (Le Furieux \/ Kuroneko)<br>2017 \/ <em><strong>Le Quatre<\/strong><\/em>. EP (Le Furieux \/ Musicast)<br>2016 \/ <strong><em>T\u2019avoir connu<\/em><\/strong> (Le Furieux \/ Musicast)<br>2013 \/ <strong><em>Les Armelles Dumoulin<\/em><\/strong><br>Album Coup de c\u0153ur du Centre de la Chanson<br>2010 \/ <strong><em>Est-ce nous ?<\/em><\/strong><\/p>\n\n\n\n<p class=\"has-text-align-center has-text-color has-link-color wp-elements-f39e895225d132fab6744fa0b24fde86\" style=\"color:#2b1270\"><span style=\"color: #ff0000;\">* Album Paccoud et le Sister System *<\/span><br>\n2023 \/ <em><strong>Le Grand tout Live aux Ch\u00e8vres !<\/strong><\/em> (Le Furieux)<br>\n2021 \/ <em><strong>La promenade<\/strong><\/em> (Le Furieux)<br>\n2019 \/ <em><strong>Le Grand tout<\/strong><\/em> (Le Furieux)<\/p>\n\n\n\n<p class=\"has-text-align-center has-text-color has-link-color wp-elements-0b930ee103402cde2696fe8696236833\" style=\"color:#70179d\"><span style=\"color: #ff0000;\">* Th\u00e9\u00e2tre *<\/span><br> <em>2026 \/ Les personnages de la pens\u00e9e de V. Novarina.<br> 2019 \/ Cr\u00e9ation, composition et musique live sur \u00ab Psaumes Pour Abdel \u00bb de L. Fedida<br> 2019 \/ Assistante musicale sur L\u2019animal imaginaire de V. Novarina<br> 2017 \/ Compositions de la musique d\u2019\u00ab A nos enfants \u00bb de N. Struve<br> 2016 \/ Actrice dans \u00ab Le Vivier des Noms \u00bb de V. Novarina<br> 2012 \/ Assistante pour la musique sur \u00ab Le Vrai Sang \u00bb de V. Novarina<br> 2012 \/ Actrice dans \u00ab Le Cur\u00e9 de Camaret \u00bb de No\u00ebl Tuot avec B. Abitan.<\/em><\/p>\n\n\n\n<p class=\"has-text-align-center\"><span style=\"color: #ff0000;\">* Autres *<\/span><br> Grand int\u00e9r\u00eat pour L\u2018art brut en g\u00e9n\u00e9ral \u2022 Cr\u00e9ations en Centre \u00c9ducatif Ferm\u00e9, ateliers en prison et en h\u00f4pital psychiatrique \u2022 Organisation depuis 15 ans du Festival des Ch\u00e8vres (Courzieu) \u2022 A d\u00e9j\u00e0 r\u00e9pondu \u00e0 des questions ou chant\u00e9 sur les ondes de France Inter, France Culture, France Bleue Picardie, Creuse, Radio Nova, Paris Premi\u00e8re\u2026<\/p>\n\n\n\n<p class=\"has-text-align-center\"><\/p>\n","protected":false},"excerpt":{"rendered":"<p>Armelle Dumoulin chante ses chansons depuis une quinzaine d\u2019ann\u00e9es,elle vient de sortir un 5\u00e8m album : \u2022 KERVRAN \u2022 (Le Furieux Music. 2025) Aujourd\u2019hui elle tourne ses chansons hirsutes en solo \u00e0 la guitare \u00e9lectrique.Ses jeunes ann\u00e9es ont \u00e9t\u00e9 marqu\u00e9es par des \u00e9tudes un peu dissip\u00e9es comprenant le grec et le hautbois, ainsi que par [&hellip;]<\/p>\n","protected":false},"author":1,"featured_media":2464,"parent":0,"menu_order":0,"comment_status":"closed","ping_status":"open","template":"full-width-yes-title-image.php","meta":{"footnotes":""},"class_list":["post-7","page","type-page","status-publish","has-post-thumbnail","hentry"],"_links":{"self":[{"href":"http:\/\/www.armelledumoulin.com\/index.php?rest_route=\/wp\/v2\/pages\/7","targetHints":{"allow":["GET"]}}],"collection":[{"href":"http:\/\/www.armelledumoulin.com\/index.php?rest_route=\/wp\/v2\/pages"}],"about":[{"href":"http:\/\/www.armelledumoulin.com\/index.php?rest_route=\/wp\/v2\/types\/page"}],"author":[{"embeddable":true,"href":"http:\/\/www.armelledumoulin.com\/index.php?rest_route=\/wp\/v2\/users\/1"}],"replies":[{"embeddable":true,"href":"http:\/\/www.armelledumoulin.com\/index.php?rest_route=%2Fwp%2Fv2%2Fcomments&post=7"}],"version-history":[{"count":35,"href":"http:\/\/www.armelledumoulin.com\/index.php?rest_route=\/wp\/v2\/pages\/7\/revisions"}],"predecessor-version":[{"id":2699,"href":"http:\/\/www.armelledumoulin.com\/index.php?rest_route=\/wp\/v2\/pages\/7\/revisions\/2699"}],"wp:featuredmedia":[{"embeddable":true,"href":"http:\/\/www.armelledumoulin.com\/index.php?rest_route=\/wp\/v2\/media\/2464"}],"wp:attachment":[{"href":"http:\/\/www.armelledumoulin.com\/index.php?rest_route=%2Fwp%2Fv2%2Fmedia&parent=7"}],"curies":[{"name":"wp","href":"https:\/\/api.w.org\/{rel}","templated":true}]}}