{"id":190,"date":"2013-08-22T18:15:59","date_gmt":"2013-08-22T17:15:59","guid":{"rendered":"http:\/\/www.armelledumoulin.com\/?page_id=190"},"modified":"2022-06-10T21:39:21","modified_gmt":"2022-06-10T20:39:21","slug":"les-magnifiques","status":"publish","type":"page","link":"https:\/\/www.armelledumoulin.com\/?page_id=190","title":{"rendered":"Brise Vitrail"},"content":{"rendered":"<p><em>(Le Furieux \/ Kuroneko. 2021)<\/em><\/p>\n<p><span style=\"color: #00ffff;\">\u00ab &#8211; Bonjour, je me suis pr\u00e9cipit\u00e9e.\u00a0\u00bb<\/span><\/p>\n<p>Ce nouvel album sonne en effet comme un pr\u00e9cipit\u00e9 du parcours artistique de l\u2019artiste. On retrouve dans ces 11 chansons courtes son \u00e9criture au couteau et son sens m\u00e9lodique mais comme pass\u00e9s au feu, renouvel\u00e9s.<\/p>\n<p>Apr\u00e8s \u00ab\u00a0T\u2019avoir connu\u00a0\u00bb (2016), un 3<sup>\u00e8me<\/sup> album remarqu\u00e9 -dont les collaborations avec Bertrand Belin et Yolande Moreau-, Armelle Dumoulin signe un 4<sup>\u00e8me<\/sup> album plein d\u2019audace et d\u2019\u00e9nergie. A un jet de pierre de la po\u00e9sie, de la pop et de la chanson fran\u00e7aise, <strong><em>BRISE VITRAIL<\/em><\/strong> navigue avec fluidit\u00e9 entre les chapelles pour viser bien au c\u0153ur.<\/p>\n<p>On peut sentir dans ce disque l\u2019enti\u00e8re libert\u00e9 dont elle a us\u00e9 pour composer les chansons mais \u00e9galement pour les arranger, jouer les claviers, les batteries, bref r\u00e9aliser l\u2019album de tout en bout, dans un seul geste. Tout cela avec le pr\u00e9cieux concours d\u2019Antoine Sahler, cr\u00e9ateur du label Le Furieux et pr\u00e9sent \u00e0 ses c\u00f4t\u00e9s depuis le 1<sup>er<\/sup> album en 2006.<\/p>\n<p>Model\u00e9es par ce \u00ab\u00a0quatre mains\u00a0\u00bb complice, les chansons de <strong><em>BRISE VITRAIL<\/em><\/strong> sont concises, pr\u00e9cises, chacune ayant sa place dans le tableau. Les batteries \u00e9lectroniques donnent chair \u00e0 la caisse-clair live, les pianos \u00ab\u00a0midi\u00a0\u00bb et les guitares \u00e9lectriques dialoguent dans un chaud-froid r\u00e9jouissant et lumineux.<\/p>\n","protected":false},"excerpt":{"rendered":"<p>(Le Furieux \/ Kuroneko. 2021) \u00ab &#8211; Bonjour, je me suis pr\u00e9cipit\u00e9e.\u00a0\u00bb Ce nouvel album sonne en effet comme un pr\u00e9cipit\u00e9 du parcours artistique de l\u2019artiste. On retrouve dans ces 11 chansons courtes son \u00e9criture au couteau et son sens m\u00e9lodique mais comme pass\u00e9s au feu, renouvel\u00e9s. Apr\u00e8s \u00ab\u00a0T\u2019avoir connu\u00a0\u00bb (2016), un 3\u00e8me album remarqu\u00e9 [&hellip;]<\/p>\n","protected":false},"author":1,"featured_media":1433,"parent":9,"menu_order":1,"comment_status":"closed","ping_status":"closed","template":"full-width-yes-title-image.php","meta":{"footnotes":""},"class_list":["post-190","page","type-page","status-publish","has-post-thumbnail","hentry"],"_links":{"self":[{"href":"https:\/\/www.armelledumoulin.com\/index.php?rest_route=\/wp\/v2\/pages\/190","targetHints":{"allow":["GET"]}}],"collection":[{"href":"https:\/\/www.armelledumoulin.com\/index.php?rest_route=\/wp\/v2\/pages"}],"about":[{"href":"https:\/\/www.armelledumoulin.com\/index.php?rest_route=\/wp\/v2\/types\/page"}],"author":[{"embeddable":true,"href":"https:\/\/www.armelledumoulin.com\/index.php?rest_route=\/wp\/v2\/users\/1"}],"replies":[{"embeddable":true,"href":"https:\/\/www.armelledumoulin.com\/index.php?rest_route=%2Fwp%2Fv2%2Fcomments&post=190"}],"version-history":[{"count":10,"href":"https:\/\/www.armelledumoulin.com\/index.php?rest_route=\/wp\/v2\/pages\/190\/revisions"}],"predecessor-version":[{"id":2113,"href":"https:\/\/www.armelledumoulin.com\/index.php?rest_route=\/wp\/v2\/pages\/190\/revisions\/2113"}],"up":[{"embeddable":true,"href":"https:\/\/www.armelledumoulin.com\/index.php?rest_route=\/wp\/v2\/pages\/9"}],"wp:featuredmedia":[{"embeddable":true,"href":"https:\/\/www.armelledumoulin.com\/index.php?rest_route=\/wp\/v2\/media\/1433"}],"wp:attachment":[{"href":"https:\/\/www.armelledumoulin.com\/index.php?rest_route=%2Fwp%2Fv2%2Fmedia&parent=190"}],"curies":[{"name":"wp","href":"https:\/\/api.w.org\/{rel}","templated":true}]}}