{"id":21,"date":"2013-08-16T12:48:00","date_gmt":"2013-08-16T11:48:00","guid":{"rendered":"http:\/\/www.armelledumoulin.com\/?page_id=21"},"modified":"2025-12-28T11:41:52","modified_gmt":"2025-12-28T10:41:52","slug":"liens","status":"publish","type":"page","link":"https:\/\/www.armelledumoulin.com\/?page_id=21","title":{"rendered":"Presse \/ Pr\u00e9sentations \/ Contacts"},"content":{"rendered":"<h4><strong>CONTACT SC\u00c8NE<\/strong><br \/>\n<span style=\"color: #000080;\"><a style=\"color: #000080;\" href=\"mailto:armelle.dumoulin@gmail.com\">armelle.dumoulin@gmail.com\u00a0<\/a> \u00a0\u00a006 63 71 66 31 <\/span><br \/>\n<a href=\"http:\/\/www.facebook.com\/armelle.dumoulin\"><span style=\"color: #ff0000;\"><span style=\"color: #ffffff;\"><span style=\"color: #000080;\"><strong>Armelle Dumoulin Facebook\u00a0<\/strong><\/span><\/span><\/span><\/a><span style=\"color: #ff0000;\"><span style=\"color: #ffffff;\"><span style=\"color: #000080;\"><strong>\u00a0\u00a0\u00a0\u00a0<a href=\"https:\/\/www.instagram.com\/armelle_dumoulin?igsh=MTh5NjdzaDV0bWs5dw==\" target=\"_blank\" rel=\"noopener\">instagram.com\/armelle_dumoulin<\/a><\/strong><\/span><\/span><\/span><\/h4>\n<p><strong>CONTACT LABEL<\/strong><br \/>\n<span style=\"color: #00ffff;\"><a style=\"color: #00ffff;\" href=\"http:\/\/www.lefurieux.org\" target=\"_blank\" rel=\"noopener noreferrer\"><span style=\"color: #000080;\"><span style=\"color: #339966;\">Le Furieux<\/span><\/span><\/a><\/span><\/p>\n<p><strong>PR\u00c9SENTATIONS :<\/strong><br \/>\nT\u00e9l\u00e9charger <a href=\"http:\/\/www.armelledumoulin.com\/wp-content\/uploads\/2025\/03\/Dossier-de-presse-KERVRAN.pdf\" target=\"_blank\" rel=\"noopener\">Dossier de Presse \u2022 KERVRAN \u2022<\/a><span style=\"color: #ff0000;\"><br \/>\n<\/span><\/p>\n<p>T\u00e9l\u00e9charger <span style=\"color: #ff0000;\"><a style=\"color: #ff0000;\" href=\"http:\/\/www.armelledumoulin.com\/wp-content\/uploads\/2025\/12\/Presentation-A.Dumoulin-Solo.pdf\" target=\"_blank\" rel=\"noopener\">Pr\u00e9sentation A.Dumoulin Solo !<\/a><\/span><\/p>\n<p><strong>PRESSE \u2022 KERVRAN \u2022 :\u00a0<a href=\"http:\/\/www.armelledumoulin.com\/wp-content\/uploads\/2025\/09\/HEXAGONE-N\u00b036-ETE-2025-A.DUMOULIN.pdf\">HEXAGONE N\u00b036 &#8211; ETE 2025 &#8211; A.DUMOULIN<\/a>\u00a0<\/strong><\/p>\n<p><strong>PRESSE\u00a0\u00a0 * BRISE VITRAIL * :<\/strong><br \/>\n<span style=\"color: #800080;\"><a style=\"color: #800080;\" href=\"http:\/\/www.armelledumoulin.com\/wp-content\/uploads\/2022\/03\/Hexagone-Brise-Vitrail-2021.pdf\">Hexagone Brise Vitrail 2021<\/a> \/\u00a0<a style=\"color: #800080;\" href=\"http:\/\/www.armelledumoulin.com\/wp-content\/uploads\/2022\/03\/hexagone-live-2022.pdf\">Hexagone live 2022 \/\u00a0<\/a> <a style=\"color: #800080;\" href=\"http:\/\/www.armelledumoulin.com\/wp-content\/uploads\/2022\/03\/BV-La-presse-de-la-manche.pdf\">BV La presse de la manche\u00a0<\/a> \/ <a style=\"color: #800080;\" href=\"http:\/\/www.armelledumoulin.com\/wp-content\/uploads\/2022\/03\/Francofans-2021.pdf\">Francofans 2021<\/a>\u00a0 \/ <a style=\"color: #800080;\" href=\"http:\/\/www.armelledumoulin.com\/wp-content\/uploads\/2022\/03\/Nos-enchanteurs-C.L-2022.pdf\">Nos enchanteurs C.L 2022<\/a> \/ <\/span><a href=\"http:\/\/www.armelledumoulin.com\/wp-content\/uploads\/2022\/03\/Nos-enchanteurs-M.K-2022.pdf\"><span style=\"color: #800080;\">Nos enchanteurs M.K 2022<\/span><\/a><\/p>\n<p><span style=\"color: #ff6600;\"><a style=\"color: #ff6600;\" href=\"http:\/\/www.armelledumoulin.com\/wp-content\/uploads\/2013\/08\/Article-Hexagone.pdf\">Article Hexagone 2016<\/a> \/ <a style=\"color: #ff6600;\" href=\"http:\/\/www.armelledumoulin.com\/wp-content\/uploads\/2013\/08\/Article-Imperatif.pdf\">Article Imperatif 2018<\/a> \/ <\/span><a href=\"http:\/\/www.armelledumoulin.com\/wp-content\/uploads\/2013\/08\/T\u00e9l\u00e9rama-sept.-2017.pdf\"><span style=\"color: #ffcc00;\"><span style=\"color: #ff6600;\">Telerama sept. 2017<\/span><\/span><\/a><\/p>\n<h4><strong>CR\u00c9DITS<br \/>\n<\/strong>Photos Emmanuelle Jacobson-Roques<br \/>\nSite con\u00e7u et r\u00e9alis\u00e9 par <a href=\"mailto:wladimiranselme@free.fr\"><span style=\"color: #000000;\">Wladimir Anselme<\/span><\/a><\/h4>\n","protected":false},"excerpt":{"rendered":"<p>CONTACT SC\u00c8NE armelle.dumoulin@gmail.com\u00a0 \u00a0\u00a006 63 71 66 31 Armelle Dumoulin Facebook\u00a0\u00a0\u00a0\u00a0\u00a0instagram.com\/armelle_dumoulin CONTACT LABEL Le Furieux PR\u00c9SENTATIONS : T\u00e9l\u00e9charger Dossier de Presse \u2022 KERVRAN \u2022 T\u00e9l\u00e9charger Pr\u00e9sentation A.Dumoulin Solo ! PRESSE \u2022 KERVRAN \u2022 :\u00a0HEXAGONE N\u00b036 &#8211; ETE 2025 &#8211; A.DUMOULIN\u00a0 PRESSE\u00a0\u00a0 * BRISE VITRAIL * : Hexagone Brise Vitrail 2021 \/\u00a0Hexagone live 2022 \/\u00a0 BV [&hellip;]<\/p>\n","protected":false},"author":1,"featured_media":2505,"parent":0,"menu_order":0,"comment_status":"closed","ping_status":"open","template":"full-width-no-title-image.php","meta":{"footnotes":""},"class_list":["post-21","page","type-page","status-publish","has-post-thumbnail","hentry"],"_links":{"self":[{"href":"https:\/\/www.armelledumoulin.com\/index.php?rest_route=\/wp\/v2\/pages\/21","targetHints":{"allow":["GET"]}}],"collection":[{"href":"https:\/\/www.armelledumoulin.com\/index.php?rest_route=\/wp\/v2\/pages"}],"about":[{"href":"https:\/\/www.armelledumoulin.com\/index.php?rest_route=\/wp\/v2\/types\/page"}],"author":[{"embeddable":true,"href":"https:\/\/www.armelledumoulin.com\/index.php?rest_route=\/wp\/v2\/users\/1"}],"replies":[{"embeddable":true,"href":"https:\/\/www.armelledumoulin.com\/index.php?rest_route=%2Fwp%2Fv2%2Fcomments&post=21"}],"version-history":[{"count":36,"href":"https:\/\/www.armelledumoulin.com\/index.php?rest_route=\/wp\/v2\/pages\/21\/revisions"}],"predecessor-version":[{"id":2645,"href":"https:\/\/www.armelledumoulin.com\/index.php?rest_route=\/wp\/v2\/pages\/21\/revisions\/2645"}],"wp:featuredmedia":[{"embeddable":true,"href":"https:\/\/www.armelledumoulin.com\/index.php?rest_route=\/wp\/v2\/media\/2505"}],"wp:attachment":[{"href":"https:\/\/www.armelledumoulin.com\/index.php?rest_route=%2Fwp%2Fv2%2Fmedia&parent=21"}],"curies":[{"name":"wp","href":"https:\/\/api.w.org\/{rel}","templated":true}]}}