{"id":54,"date":"2013-08-22T01:04:45","date_gmt":"2013-08-22T00:04:45","guid":{"rendered":"http:\/\/www.armelledumoulin.com\/?page_id=54"},"modified":"2022-06-10T21:41:55","modified_gmt":"2022-06-10T20:41:55","slug":"les-armelles-dumoulin-2013","status":"publish","type":"page","link":"https:\/\/www.armelledumoulin.com\/?page_id=54","title":{"rendered":"Les Armelles Dumoulin"},"content":{"rendered":"<p><em>Les Armelles Dumoulin (Autoproduit. 2013)<\/em><\/p>\n<p>Avec ce deuxi\u00e8me album, Armelle Dumoulin continue \u00e0 creuser le sillon de sa langue particuli\u00e8re avec \u00e9pure et une tendance plus rock. Dans le duo qu\u2019elle forme d\u00e9sormais sur sc\u00e8ne avec Ga\u00ebl Delpech, l\u2019\u00e9nergie punk et limite garage de celui-ci met en valeur l\u2019\u00e9criture po\u00e9tique et coupante de l\u2019autre. Elle \u00e9crit aussi davantage de m\u00e9lodie, et s\u2019accompagne maintenant \u00e0 la guitare. Les arrangements d\u2019Antoine Sahler, bas\u00e9s sur une classique formation basse-batterie-claviers de bout en bout, ornent de contrechants d\u00e9licats cette \u00e9nergie qui nous appelle imm\u00e9diatement.<br \/>\nAu fil des chansons, cette fa\u00e7on qu\u2019elle a d\u2019interroger le monde et la po\u00e9sie se pose de fa\u00e7on charnelle et directe, tout est en tension entre la d\u00e9licatesse crue de l\u2019\u00e9criture et la fougue d\u2019un cheval dompt\u00e9 avec \u00e9l\u00e9gance. Certains verront passer les silhouettes aim\u00e9es de Marianne Oswald, des Rita Mitsouko ou de Brigitte Fontaine.<br \/>\nOn retrouve ici son chant particuli\u00e8rement incarn\u00e9 et les m\u00e9lodies claquent comme des \u00e9vidences le long de cet album, dans lequel la musicalit\u00e9 du souffle et du mot prend toute sa place.<br \/>\nLes apparitions solaires de Bertrand Belin, pr\u00e9sent aussi le long de l\u2019enregistrement ajoutent du grain \u00e0 cet album singulier qui vient simplement r\u00e9sonner en chacun d\u2019o\u00f9 qu\u2019il vienne.<\/p>\n<p style=\"text-align: right;\"><em>\u00ab A son \u00e9coute, mon esprit et mon c\u0153ur furent enfin fr\u00e8re et s\u0153ur. \u00bb<\/em><br \/>\nRen\u00e9 Servant<\/p>\n<p>Arrangements : Antoine Sahler.<br \/>\nEnregistr\u00e9 au Snark par Nicolas Delbart<\/p>\n","protected":false},"excerpt":{"rendered":"<p>Les Armelles Dumoulin (Autoproduit. 2013) Avec ce deuxi\u00e8me album, Armelle Dumoulin continue \u00e0 creuser le sillon de sa langue particuli\u00e8re avec \u00e9pure et une tendance plus rock. Dans le duo qu\u2019elle forme d\u00e9sormais sur sc\u00e8ne avec Ga\u00ebl Delpech, l\u2019\u00e9nergie punk et limite garage de celui-ci met en valeur l\u2019\u00e9criture po\u00e9tique et coupante de l\u2019autre. Elle [&hellip;]<\/p>\n","protected":false},"author":1,"featured_media":200,"parent":9,"menu_order":0,"comment_status":"closed","ping_status":"closed","template":"full-width-yes-title-image.php","meta":{"footnotes":""},"class_list":["post-54","page","type-page","status-publish","has-post-thumbnail","hentry"],"_links":{"self":[{"href":"https:\/\/www.armelledumoulin.com\/index.php?rest_route=\/wp\/v2\/pages\/54","targetHints":{"allow":["GET"]}}],"collection":[{"href":"https:\/\/www.armelledumoulin.com\/index.php?rest_route=\/wp\/v2\/pages"}],"about":[{"href":"https:\/\/www.armelledumoulin.com\/index.php?rest_route=\/wp\/v2\/types\/page"}],"author":[{"embeddable":true,"href":"https:\/\/www.armelledumoulin.com\/index.php?rest_route=\/wp\/v2\/users\/1"}],"replies":[{"embeddable":true,"href":"https:\/\/www.armelledumoulin.com\/index.php?rest_route=%2Fwp%2Fv2%2Fcomments&post=54"}],"version-history":[{"count":12,"href":"https:\/\/www.armelledumoulin.com\/index.php?rest_route=\/wp\/v2\/pages\/54\/revisions"}],"predecessor-version":[{"id":2116,"href":"https:\/\/www.armelledumoulin.com\/index.php?rest_route=\/wp\/v2\/pages\/54\/revisions\/2116"}],"up":[{"embeddable":true,"href":"https:\/\/www.armelledumoulin.com\/index.php?rest_route=\/wp\/v2\/pages\/9"}],"wp:featuredmedia":[{"embeddable":true,"href":"https:\/\/www.armelledumoulin.com\/index.php?rest_route=\/wp\/v2\/media\/200"}],"wp:attachment":[{"href":"https:\/\/www.armelledumoulin.com\/index.php?rest_route=%2Fwp%2Fv2%2Fmedia&parent=54"}],"curies":[{"name":"wp","href":"https:\/\/api.w.org\/{rel}","templated":true}]}}