{"id":57,"date":"2013-08-22T01:07:10","date_gmt":"2013-08-22T00:07:10","guid":{"rendered":"http:\/\/www.armelledumoulin.com\/?page_id=57"},"modified":"2022-06-10T21:43:49","modified_gmt":"2022-06-10T20:43:49","slug":"est-ce-nous-2010","status":"publish","type":"page","link":"https:\/\/www.armelledumoulin.com\/?page_id=57","title":{"rendered":"Est-ce nous ?"},"content":{"rendered":"<p><em>Est-ce nous ? (Autoproduit. 2009)<\/em><\/p>\n<p>Premier album.<br \/>\nArmelle Dumoulin et les plombiers du r\u00e9el.<br \/>\nArrang\u00e9 par Antoine Sahler.<br \/>\nAvec Alexandre Leitao (accord\u00e9on), Joe Quitzke (batterie), et Antoine Sahler (piano).<br \/>\nEnregistr\u00e9 en janvier 2009 par Sylvain Moser.<br \/>\nTitres :<br \/>\n1. Moi j\u2019aurais voulu \/ 2. Est-ce nous ? \/ 3. Tache de vin \/ 4. Che Faciamo \/ 5. La jasante des deux vieux \/ 6. Il m\u2019a dit \/ 7. Nos veines \/ 8. La chambre \/ 9. J\u2019ai cru \/ 10. Et nous au beau milieu \/ 11. Les graviers \/ 12. Les Pieds-bleus \/ 13. Bonnet \u00e0 pompon<\/p>\n","protected":false},"excerpt":{"rendered":"<p>Est-ce nous ? (Autoproduit. 2009) Premier album. Armelle Dumoulin et les plombiers du r\u00e9el. Arrang\u00e9 par Antoine Sahler. Avec Alexandre Leitao (accord\u00e9on), Joe Quitzke (batterie), et Antoine Sahler (piano). Enregistr\u00e9 en janvier 2009 par Sylvain Moser. Titres : 1. Moi j\u2019aurais voulu \/ 2. Est-ce nous ? \/ 3. Tache de vin \/ 4. Che [&hellip;]<\/p>\n","protected":false},"author":1,"featured_media":53,"parent":9,"menu_order":0,"comment_status":"closed","ping_status":"closed","template":"full-width-yes-title-image.php","meta":{"footnotes":""},"class_list":["post-57","page","type-page","status-publish","has-post-thumbnail","hentry"],"_links":{"self":[{"href":"https:\/\/www.armelledumoulin.com\/index.php?rest_route=\/wp\/v2\/pages\/57","targetHints":{"allow":["GET"]}}],"collection":[{"href":"https:\/\/www.armelledumoulin.com\/index.php?rest_route=\/wp\/v2\/pages"}],"about":[{"href":"https:\/\/www.armelledumoulin.com\/index.php?rest_route=\/wp\/v2\/types\/page"}],"author":[{"embeddable":true,"href":"https:\/\/www.armelledumoulin.com\/index.php?rest_route=\/wp\/v2\/users\/1"}],"replies":[{"embeddable":true,"href":"https:\/\/www.armelledumoulin.com\/index.php?rest_route=%2Fwp%2Fv2%2Fcomments&post=57"}],"version-history":[{"count":9,"href":"https:\/\/www.armelledumoulin.com\/index.php?rest_route=\/wp\/v2\/pages\/57\/revisions"}],"predecessor-version":[{"id":2117,"href":"https:\/\/www.armelledumoulin.com\/index.php?rest_route=\/wp\/v2\/pages\/57\/revisions\/2117"}],"up":[{"embeddable":true,"href":"https:\/\/www.armelledumoulin.com\/index.php?rest_route=\/wp\/v2\/pages\/9"}],"wp:featuredmedia":[{"embeddable":true,"href":"https:\/\/www.armelledumoulin.com\/index.php?rest_route=\/wp\/v2\/media\/53"}],"wp:attachment":[{"href":"https:\/\/www.armelledumoulin.com\/index.php?rest_route=%2Fwp%2Fv2%2Fmedia&parent=57"}],"curies":[{"name":"wp","href":"https:\/\/api.w.org\/{rel}","templated":true}]}}